{"id":499,"date":"2021-07-29T11:56:29","date_gmt":"2021-07-29T08:56:29","guid":{"rendered":"https:\/\/seckinmakina.com.tr\/?post_type=product&#038;p=499"},"modified":"2021-08-22T16:48:02","modified_gmt":"2021-08-22T13:48:02","slug":"dortlu-vaker-acik","status":"publish","type":"product","link":"https:\/\/www.seckinmakina.com.tr\/en\/product\/dortlu-vaker-acik\/","title":{"rendered":"Quad Vaker On with Four Cabin"},"content":{"rendered":"<p>600 x 300 QUATERNARY<\/p>\n<p><strong>Technicial Specifications<\/strong><\/p>\n<ul>\n<li style=\"list-style-type: none;\">\n<ul>\n<li>DRUM WIDTH: 300 mm<\/li>\n<li>DRUM DIAMETER: 600 mm<\/li>\n<li>MOTOR KV: 0.75 KV<\/li>\n<li>HEATING : WATER<\/li>\n<li>LENGTH: 305 cm<\/li>\n<li>WIDTH: 85 cm<\/li>\n<li>HEIGHT: 139 cm<\/li>\n<li>CAPACITY: 30 L<\/li>\n<\/ul>\n<\/li>\n<\/ul>","protected":false},"excerpt":{"rendered":"<p>Please get information for each size and quantity.<\/p>\n<p>Sample size and quantity are given in the description section.<\/p>\n<div id=\"gtx-trans\" style=\"position: absolute; left: 1306px; top: 36px;\">\n<div class=\"gtx-trans-icon\"><\/div>\n<\/div>","protected":false},"featured_media":144,"comment_status":"closed","ping_status":"closed","template":"","meta":{"_uag_custom_page_level_css":"","_kad_post_transparent":"default","_kad_post_title":"","_kad_post_layout":"default","_kad_post_sidebar_id":"","_kad_post_content_style":"default","_kad_post_vertical_padding":"default","_kad_post_feature":"","_kad_post_feature_position":"","_kad_post_header":false,"_kad_post_footer":false},"product_cat":[51],"product_tag":[],"class_list":["post-499","product","type-product","status-publish","has-post-thumbnail","hentry","product_cat-urunler","entry","content-bg","loop-entry"],"uagb_featured_image_src":{"full":["https:\/\/www.seckinmakina.com.tr\/wp-content\/uploads\/2021\/07\/600x300-makina.jpg",1181,885,false],"thumbnail":["https:\/\/www.seckinmakina.com.tr\/wp-content\/uploads\/2021\/07\/600x300-makina-150x150.jpg",150,150,true],"medium":["https:\/\/www.seckinmakina.com.tr\/wp-content\/uploads\/2021\/07\/600x300-makina-300x225.jpg",300,225,true],"medium_large":["https:\/\/www.seckinmakina.com.tr\/wp-content\/uploads\/2021\/07\/600x300-makina-768x576.jpg",768,576,true],"large":["https:\/\/www.seckinmakina.com.tr\/wp-content\/uploads\/2021\/07\/600x300-makina-1024x767.jpg",1024,767,true],"1536x1536":["https:\/\/www.seckinmakina.com.tr\/wp-content\/uploads\/2021\/07\/600x300-makina.jpg",1181,885,false],"2048x2048":["https:\/\/www.seckinmakina.com.tr\/wp-content\/uploads\/2021\/07\/600x300-makina.jpg",1181,885,false],"trp-custom-language-flag":["https:\/\/www.seckinmakina.com.tr\/wp-content\/uploads\/2021\/07\/600x300-makina.jpg",16,12,false],"woocommerce_thumbnail":["https:\/\/www.seckinmakina.com.tr\/wp-content\/uploads\/2021\/07\/600x300-makina-300x300.jpg",300,300,true],"woocommerce_single":["https:\/\/www.seckinmakina.com.tr\/wp-content\/uploads\/2021\/07\/600x300-makina-300x225.jpg",300,225,true],"woocommerce_gallery_thumbnail":["https:\/\/www.seckinmakina.com.tr\/wp-content\/uploads\/2021\/07\/600x300-makina-100x100.jpg",100,100,true]},"uagb_author_info":{"display_name":"seckinma","author_link":"https:\/\/www.seckinmakina.com.tr\/en\/author\/"},"uagb_comment_info":0,"uagb_excerpt":"Her boyut ve adet i\u00e7in l\u00fctfen bilgi al\u0131n\u0131z. \u00d6rnek boyut ve adet a\u00e7\u0131klama k\u0131sm\u0131nda verilmi\u015ftir.","_links":{"self":[{"href":"https:\/\/www.seckinmakina.com.tr\/en\/wp-json\/wp\/v2\/product\/499","targetHints":{"allow":["GET"]}}],"collection":[{"href":"https:\/\/www.seckinmakina.com.tr\/en\/wp-json\/wp\/v2\/product"}],"about":[{"href":"https:\/\/www.seckinmakina.com.tr\/en\/wp-json\/wp\/v2\/types\/product"}],"replies":[{"embeddable":true,"href":"https:\/\/www.seckinmakina.com.tr\/en\/wp-json\/wp\/v2\/comments?post=499"}],"wp:featuredmedia":[{"embeddable":true,"href":"https:\/\/www.seckinmakina.com.tr\/en\/wp-json\/wp\/v2\/media\/144"}],"wp:attachment":[{"href":"https:\/\/www.seckinmakina.com.tr\/en\/wp-json\/wp\/v2\/media?parent=499"}],"wp:term":[{"taxonomy":"product_cat","embeddable":true,"href":"https:\/\/www.seckinmakina.com.tr\/en\/wp-json\/wp\/v2\/product_cat?post=499"},{"taxonomy":"product_tag","embeddable":true,"href":"https:\/\/www.seckinmakina.com.tr\/en\/wp-json\/wp\/v2\/product_tag?post=499"}],"curies":[{"name":"wp","href":"https:\/\/api.w.org\/{rel}","templated":true}]}}