{"id":417,"date":"2021-07-27T15:44:08","date_gmt":"2021-07-27T12:44:08","guid":{"rendered":"https:\/\/seckinmakina.com.tr\/?post_type=product&#038;p=417"},"modified":"2021-08-22T16:48:02","modified_gmt":"2021-08-22T13:48:02","slug":"alt-kat-islenti-parti-boyama-dolaplari","status":"publish","type":"product","link":"https:\/\/www.seckinmakina.com.tr\/en\/product\/alt-kat-islenti-parti-boyama-dolaplari\/","title":{"rendered":"Downstairs Processing Party Painting Cabinets"},"content":{"rendered":"<p>2000 x 1250<\/p>\n<p><strong>Technicial Specifications<\/strong><\/p>\n<ul>\n<li style=\"list-style-type: none;\">\n<ul>\n<li>HEATING SYSTEM ISTEM<\/li>\n<li>MACHINE SPECIAL AKOMIX SYSTEM<\/li>\n<li>ELECTRONIC MANUAL PANEL SYSTEM<\/li>\n<li>DRUM WIDTH: 1250<\/li>\n<li>DRUM DIAMETER: 2000<\/li>\n<li>MOTOR KV: 5.5 KV<\/li>\n<li>HEATING: ISTIM<\/li>\n<li>LENGTH: 285 cm<\/li>\n<li>WIDTH: 250 cm<\/li>\n<li>HEIGHT: 260 cm<\/li>\n<li>CAPACITY: 1600 L<\/li>\n<li>KG: 2200 KG<\/li>\n<li>Note: Special size cabinets are made for companies.<\/li>\n<\/ul>\n<\/li>\n<\/ul>","protected":false},"excerpt":{"rendered":"<p>Please get information for each size and quantity.<\/p>\n<p>Sample size and quantity are given in the description section.<\/p>","protected":false},"featured_media":180,"comment_status":"closed","ping_status":"closed","template":"","meta":{"_uag_custom_page_level_css":"","_kad_post_transparent":"default","_kad_post_title":"","_kad_post_layout":"default","_kad_post_sidebar_id":"","_kad_post_content_style":"default","_kad_post_vertical_padding":"default","_kad_post_feature":"","_kad_post_feature_position":"","_kad_post_header":false,"_kad_post_footer":false},"product_cat":[51],"product_tag":[52,53,54,60,61],"class_list":["post-417","product","type-product","status-publish","has-post-thumbnail","hentry","product_cat-urunler","product_tag-deri","product_tag-deri-makinalari","product_tag-deri-makineleri","product_tag-islenti","product_tag-parti-boyama","entry","content-bg","loop-entry"],"uagb_featured_image_src":{"full":["https:\/\/www.seckinmakina.com.tr\/wp-content\/uploads\/2021\/07\/PARTI-BOYAMA-1-scaled.jpg",2560,1920,false],"thumbnail":["https:\/\/www.seckinmakina.com.tr\/wp-content\/uploads\/2021\/07\/PARTI-BOYAMA-1-scaled-150x150.jpg",150,150,true],"medium":["https:\/\/www.seckinmakina.com.tr\/wp-content\/uploads\/2021\/07\/PARTI-BOYAMA-1-scaled-300x225.jpg",300,225,true],"medium_large":["https:\/\/www.seckinmakina.com.tr\/wp-content\/uploads\/2021\/07\/PARTI-BOYAMA-1-scaled-768x576.jpg",768,576,true],"large":["https:\/\/www.seckinmakina.com.tr\/wp-content\/uploads\/2021\/07\/PARTI-BOYAMA-1-scaled-1024x768.jpg",1024,768,true],"1536x1536":["https:\/\/www.seckinmakina.com.tr\/wp-content\/uploads\/2021\/07\/PARTI-BOYAMA-1-scaled-1536x1152.jpg",1536,1152,true],"2048x2048":["https:\/\/www.seckinmakina.com.tr\/wp-content\/uploads\/2021\/07\/PARTI-BOYAMA-1-scaled-2048x1536.jpg",2048,1536,true],"trp-custom-language-flag":["https:\/\/www.seckinmakina.com.tr\/wp-content\/uploads\/2021\/07\/PARTI-BOYAMA-1-scaled.jpg",16,12,false],"woocommerce_thumbnail":["https:\/\/www.seckinmakina.com.tr\/wp-content\/uploads\/2021\/07\/PARTI-BOYAMA-1-scaled-300x300.jpg",300,300,true],"woocommerce_single":["https:\/\/www.seckinmakina.com.tr\/wp-content\/uploads\/2021\/07\/PARTI-BOYAMA-1-scaled-300x225.jpg",300,225,true],"woocommerce_gallery_thumbnail":["https:\/\/www.seckinmakina.com.tr\/wp-content\/uploads\/2021\/07\/PARTI-BOYAMA-1-scaled-100x100.jpg",100,100,true]},"uagb_author_info":{"display_name":"seckinma","author_link":"https:\/\/www.seckinmakina.com.tr\/en\/author\/"},"uagb_comment_info":0,"uagb_excerpt":"Her boyut ve adet i\u00e7in l\u00fctfen bilgi al\u0131n\u0131z. \u00d6rnek boyut ve adet a\u00e7\u0131klama k\u0131sm\u0131nda verilmi\u015ftir.","_links":{"self":[{"href":"https:\/\/www.seckinmakina.com.tr\/en\/wp-json\/wp\/v2\/product\/417","targetHints":{"allow":["GET"]}}],"collection":[{"href":"https:\/\/www.seckinmakina.com.tr\/en\/wp-json\/wp\/v2\/product"}],"about":[{"href":"https:\/\/www.seckinmakina.com.tr\/en\/wp-json\/wp\/v2\/types\/product"}],"replies":[{"embeddable":true,"href":"https:\/\/www.seckinmakina.com.tr\/en\/wp-json\/wp\/v2\/comments?post=417"}],"wp:featuredmedia":[{"embeddable":true,"href":"https:\/\/www.seckinmakina.com.tr\/en\/wp-json\/wp\/v2\/media\/180"}],"wp:attachment":[{"href":"https:\/\/www.seckinmakina.com.tr\/en\/wp-json\/wp\/v2\/media?parent=417"}],"wp:term":[{"taxonomy":"product_cat","embeddable":true,"href":"https:\/\/www.seckinmakina.com.tr\/en\/wp-json\/wp\/v2\/product_cat?post=417"},{"taxonomy":"product_tag","embeddable":true,"href":"https:\/\/www.seckinmakina.com.tr\/en\/wp-json\/wp\/v2\/product_tag?post=417"}],"curies":[{"name":"wp","href":"https:\/\/api.w.org\/{rel}","templated":true}]}}