{"id":385,"date":"2021-07-27T15:44:04","date_gmt":"2021-07-27T12:44:04","guid":{"rendered":"https:\/\/seckinmakina.com.tr\/?post_type=product&#038;p=385"},"modified":"2021-08-22T16:48:01","modified_gmt":"2021-08-22T13:48:01","slug":"dortlu-vaker","status":"publish","type":"product","link":"https:\/\/www.seckinmakina.com.tr\/en\/product\/dortlu-vaker\/","title":{"rendered":"Quad Vaker with Four Cabin"},"content":{"rendered":"<p>400 x 300\u00a0 FOUR VAKER<\/p>\n<p><strong>Technicial Specifications<\/strong><\/p>\n<ul>\n<li style=\"list-style-type: none;\">\n<ul>\n<li>DRUM WIDTH: 200 mm<\/li>\n<li>DRUM DIAMETER: 400 mm<\/li>\n<li>MOTOR KV: 0.75 KV<\/li>\n<li>HEATING : WATER<\/li>\n<li>LENGTH: 207 cm<\/li>\n<li>WIDTH: 76 cm<\/li>\n<li>HEIGHT: 140 cm<\/li>\n<li>CAPACITY: 9 L<\/li>\n<\/ul>\n<\/li>\n<\/ul>","protected":false},"excerpt":{"rendered":"<p>Please get information for each size and quantity.<\/p>\n<p>Sample size and quantity are given in the description section.<\/p>","protected":false},"featured_media":196,"comment_status":"closed","ping_status":"closed","template":"","meta":{"_uag_custom_page_level_css":"","_kad_post_transparent":"default","_kad_post_title":"","_kad_post_layout":"normal","_kad_post_sidebar_id":"","_kad_post_content_style":"default","_kad_post_vertical_padding":"bottom","_kad_post_feature":"","_kad_post_feature_position":"","_kad_post_header":false,"_kad_post_footer":false},"product_cat":[51],"product_tag":[52,53,54,55,56],"class_list":["post-385","product","type-product","status-publish","has-post-thumbnail","hentry","product_cat-urunler","product_tag-deri","product_tag-deri-makinalari","product_tag-deri-makineleri","product_tag-vaker","product_tag-vaker-dolap","entry","content-bg","loop-entry"],"uagb_featured_image_src":{"full":["https:\/\/www.seckinmakina.com.tr\/wp-content\/uploads\/2021\/07\/400-150-RENK-VE-KATALOKCALISMALAINIZI-RAHATLIKA-YAPABILIRSINIZ-5.jpg",2500,1815,false],"thumbnail":["https:\/\/www.seckinmakina.com.tr\/wp-content\/uploads\/2021\/07\/400-150-RENK-VE-KATALOKCALISMALAINIZI-RAHATLIKA-YAPABILIRSINIZ-5-150x150.jpg",150,150,true],"medium":["https:\/\/www.seckinmakina.com.tr\/wp-content\/uploads\/2021\/07\/400-150-RENK-VE-KATALOKCALISMALAINIZI-RAHATLIKA-YAPABILIRSINIZ-5-300x218.jpg",300,218,true],"medium_large":["https:\/\/www.seckinmakina.com.tr\/wp-content\/uploads\/2021\/07\/400-150-RENK-VE-KATALOKCALISMALAINIZI-RAHATLIKA-YAPABILIRSINIZ-5-768x558.jpg",768,558,true],"large":["https:\/\/www.seckinmakina.com.tr\/wp-content\/uploads\/2021\/07\/400-150-RENK-VE-KATALOKCALISMALAINIZI-RAHATLIKA-YAPABILIRSINIZ-5-1024x743.jpg",1024,743,true],"1536x1536":["https:\/\/www.seckinmakina.com.tr\/wp-content\/uploads\/2021\/07\/400-150-RENK-VE-KATALOKCALISMALAINIZI-RAHATLIKA-YAPABILIRSINIZ-5-1536x1115.jpg",1536,1115,true],"2048x2048":["https:\/\/www.seckinmakina.com.tr\/wp-content\/uploads\/2021\/07\/400-150-RENK-VE-KATALOKCALISMALAINIZI-RAHATLIKA-YAPABILIRSINIZ-5-2048x1487.jpg",2048,1487,true],"trp-custom-language-flag":["https:\/\/www.seckinmakina.com.tr\/wp-content\/uploads\/2021\/07\/400-150-RENK-VE-KATALOKCALISMALAINIZI-RAHATLIKA-YAPABILIRSINIZ-5.jpg",18,12,false],"woocommerce_thumbnail":["https:\/\/www.seckinmakina.com.tr\/wp-content\/uploads\/2021\/07\/400-150-RENK-VE-KATALOKCALISMALAINIZI-RAHATLIKA-YAPABILIRSINIZ-5-300x300.jpg",300,300,true],"woocommerce_single":["https:\/\/www.seckinmakina.com.tr\/wp-content\/uploads\/2021\/07\/400-150-RENK-VE-KATALOKCALISMALAINIZI-RAHATLIKA-YAPABILIRSINIZ-5-300x218.jpg",300,218,true],"woocommerce_gallery_thumbnail":["https:\/\/www.seckinmakina.com.tr\/wp-content\/uploads\/2021\/07\/400-150-RENK-VE-KATALOKCALISMALAINIZI-RAHATLIKA-YAPABILIRSINIZ-5-100x100.jpg",100,100,true]},"uagb_author_info":{"display_name":"seckinma","author_link":"https:\/\/www.seckinmakina.com.tr\/en\/author\/"},"uagb_comment_info":0,"uagb_excerpt":"Her boyut ve adet i\u00e7in l\u00fctfen bilgi al\u0131n\u0131z. \u00d6rnek boyut ve adet a\u00e7\u0131klama k\u0131sm\u0131nda verilmi\u015ftir.","_links":{"self":[{"href":"https:\/\/www.seckinmakina.com.tr\/en\/wp-json\/wp\/v2\/product\/385","targetHints":{"allow":["GET"]}}],"collection":[{"href":"https:\/\/www.seckinmakina.com.tr\/en\/wp-json\/wp\/v2\/product"}],"about":[{"href":"https:\/\/www.seckinmakina.com.tr\/en\/wp-json\/wp\/v2\/types\/product"}],"replies":[{"embeddable":true,"href":"https:\/\/www.seckinmakina.com.tr\/en\/wp-json\/wp\/v2\/comments?post=385"}],"wp:featuredmedia":[{"embeddable":true,"href":"https:\/\/www.seckinmakina.com.tr\/en\/wp-json\/wp\/v2\/media\/196"}],"wp:attachment":[{"href":"https:\/\/www.seckinmakina.com.tr\/en\/wp-json\/wp\/v2\/media?parent=385"}],"wp:term":[{"taxonomy":"product_cat","embeddable":true,"href":"https:\/\/www.seckinmakina.com.tr\/en\/wp-json\/wp\/v2\/product_cat?post=385"},{"taxonomy":"product_tag","embeddable":true,"href":"https:\/\/www.seckinmakina.com.tr\/en\/wp-json\/wp\/v2\/product_tag?post=385"}],"curies":[{"name":"wp","href":"https:\/\/api.w.org\/{rel}","templated":true}]}}