{"id":70,"date":"2021-07-04T10:05:33","date_gmt":"2021-07-04T07:05:33","guid":{"rendered":"https:\/\/seckinmakina.com.tr\/?page_id=70"},"modified":"2023-05-04T13:09:43","modified_gmt":"2023-05-04T10:09:43","slug":"bize-ulasin","status":"publish","type":"page","link":"https:\/\/www.seckinmakina.com.tr\/en\/bize-ulasin\/","title":{"rendered":"Contact Us"},"content":{"rendered":"<style>.kb-row-layout-id_e35ee4-ab > .kt-row-column-wrap{align-content:start;}:where(.kb-row-layout-id_e35ee4-ab > .kt-row-column-wrap) > .wp-block-kadence-column{justify-content:start;}.kb-row-layout-id_e35ee4-ab > .kt-row-column-wrap{column-gap:var(--global-kb-gap-md, 2rem);row-gap:var(--global-kb-gap-md, 2rem);padding-top:var(--global-kb-spacing-sm, 1.5rem);padding-bottom:var(--global-kb-spacing-sm, 1.5rem);grid-template-columns:minmax(0, 1fr);}.kb-row-layout-id_e35ee4-ab > .kt-row-layout-overlay{opacity:0.30;}@media all and (max-width: 1024px){.kb-row-layout-id_e35ee4-ab > .kt-row-column-wrap{grid-template-columns:minmax(0, 1fr);}}@media all and (max-width: 767px){.kb-row-layout-id_e35ee4-ab > .kt-row-column-wrap{grid-template-columns:minmax(0, 1fr);}}<\/style><div class=\"kb-row-layout-wrap kb-row-layout-id_e35ee4-ab alignnone wp-block-kadence-rowlayout\"><div class=\"kt-row-column-wrap kt-has-1-columns kt-row-layout-equal kt-tab-layout-inherit kt-mobile-layout-row kt-row-valign-top\">\n<style>.kadence-column_09fcda-18 > .kt-inside-inner-col,.kadence-column_09fcda-18 > .kt-inside-inner-col:before{border-top-left-radius:0px;border-top-right-radius:0px;border-bottom-right-radius:0px;border-bottom-left-radius:0px;}.kadence-column_09fcda-18 > .kt-inside-inner-col{column-gap:var(--global-kb-gap-sm, 1rem);}.kadence-column_09fcda-18 > .kt-inside-inner-col{flex-direction:column;}.kadence-column_09fcda-18 > .kt-inside-inner-col > .aligncenter{width:100%;}.kadence-column_09fcda-18 > .kt-inside-inner-col:before{opacity:0.3;}.kadence-column_09fcda-18{position:relative;}@media all and (max-width: 1024px){.kadence-column_09fcda-18 > .kt-inside-inner-col{flex-direction:column;justify-content:center;}}@media all and (max-width: 767px){.kadence-column_09fcda-18 > .kt-inside-inner-col{flex-direction:column;justify-content:center;}}<\/style>\n<div class=\"wp-block-kadence-column kadence-column_09fcda-18 inner-column-1\"><div class=\"kt-inside-inner-col\">\n<h1 class=\"wp-block-heading has-text-align-center\">SE\u00c7K\u0130N MAK\u0130NA HAPPY USER TEAM<\/h1>\n\n\n\n<h4 class=\"wp-block-heading has-text-align-center\" style=\"font-size:12px\"><strong>To work to answer and find solutions to any questions and problems regarding our services and teachers.<\/strong><\/h4>\n<\/div><\/div>\n\n<\/div><\/div>\n\n<style>.kb-row-layout-id_7c9fa1-c6 > .kt-row-column-wrap{align-content:center;}:where(.kb-row-layout-id_7c9fa1-c6 > .kt-row-column-wrap) > .wp-block-kadence-column{justify-content:center;}.kb-row-layout-id_7c9fa1-c6 > .kt-row-column-wrap{column-gap:var(--global-kb-gap-lg, 4rem);row-gap:var(--global-kb-gap-md, 2rem);max-width:var( --global-content-width, 1290px );padding-left:var(--global-content-edge-padding);padding-right:var(--global-content-edge-padding);padding-top:80px;padding-bottom:80px;grid-template-columns:minmax(0, 1fr) minmax(0, 2fr);}.kb-row-layout-id_7c9fa1-c6 > .kt-row-layout-overlay{opacity:0.30;}.kb-row-layout-id_7c9fa1-c6 .kt-row-layout-bottom-sep{height:100px;}.kb-row-layout-id_7c9fa1-c6 .kt-row-layout-bottom-sep svg{width:100%;}.kb-row-layout-id_7c9fa1-c6 .kt-row-layout-bottom-sep svg{fill:#ffffff!important;}@media all and (max-width: 1024px){.kb-row-layout-id_7c9fa1-c6 > .kt-row-column-wrap{grid-template-columns:minmax(0, 1fr) minmax(0, 2fr);}}@media all and (max-width: 1024px){.kb-row-layout-id_7c9fa1-c6 .kt-row-layout-bottom-sep{height:px;}}@media all and (max-width: 1024px){.kb-row-layout-id_7c9fa1-c6 .kt-row-layout-bottom-sep svg{width:%;}}@media all and (max-width: 767px){.kb-row-layout-id_7c9fa1-c6 > .kt-row-column-wrap{grid-template-columns:minmax(0, 1fr);}.kb-row-layout-id_7c9fa1-c6 .kt-row-layout-bottom-sep{height:px;}.kb-row-layout-id_7c9fa1-c6 .kt-row-layout-bottom-sep svg{width:%;}}<\/style><div class=\"kb-row-layout-wrap kb-row-layout-id_7c9fa1-c6 alignnone wp-block-kadence-rowlayout\"><div class=\"kt-row-column-wrap kt-has-2-columns kt-row-layout-right-golden kt-tab-layout-inherit kt-mobile-layout-row kt-row-valign-middle kb-theme-content-width\">\n<style>.kadence-column_f84f17-01 > .kt-inside-inner-col{padding-top:0px;padding-right:0px;padding-bottom:0px;padding-left:0px;}.kadence-column_f84f17-01 > .kt-inside-inner-col,.kadence-column_f84f17-01 > .kt-inside-inner-col:before{border-top-left-radius:0px;border-top-right-radius:0px;border-bottom-right-radius:0px;border-bottom-left-radius:0px;}.kadence-column_f84f17-01 > .kt-inside-inner-col{column-gap:var(--global-kb-gap-sm, 1rem);}.kadence-column_f84f17-01 > .kt-inside-inner-col{flex-direction:column;}.kadence-column_f84f17-01 > .kt-inside-inner-col > .aligncenter{width:100%;}.kadence-column_f84f17-01 > .kt-inside-inner-col:before{opacity:0.3;}.kadence-column_f84f17-01{text-align:center;}.kadence-column_f84f17-01{position:relative;}.kadence-column_f84f17-01, .kt-inside-inner-col > .kadence-column_f84f17-01:not(.specificity){margin-top:0px;margin-right:0px;margin-bottom:0px;margin-left:0px;}@media all and (max-width: 1024px){.kadence-column_f84f17-01 > .kt-inside-inner-col{flex-direction:column;justify-content:center;}}@media all and (max-width: 767px){.kadence-column_f84f17-01 > .kt-inside-inner-col{flex-direction:column;justify-content:center;}}<\/style>\n<div class=\"wp-block-kadence-column kadence-column_f84f17-01 inner-column-1\"><div class=\"kt-inside-inner-col\"><style>.wp-block-kadence-advancedheading.kt-adv-heading_12ad74-a1, .wp-block-kadence-advancedheading.kt-adv-heading_12ad74-a1[data-kb-block=\"kb-adv-heading_12ad74-a1\"]{font-size:2.1em;font-style:normal;}.wp-block-kadence-advancedheading.kt-adv-heading_12ad74-a1 mark.kt-highlight, .wp-block-kadence-advancedheading.kt-adv-heading_12ad74-a1[data-kb-block=\"kb-adv-heading_12ad74-a1\"] mark.kt-highlight{font-style:normal;color:#f76a0c;-webkit-box-decoration-break:clone;box-decoration-break:clone;padding-top:0px;padding-right:0px;padding-bottom:0px;padding-left:0px;}.wp-block-kadence-advancedheading.kt-adv-heading_12ad74-a1 img.kb-inline-image, .wp-block-kadence-advancedheading.kt-adv-heading_12ad74-a1[data-kb-block=\"kb-adv-heading_12ad74-a1\"] img.kb-inline-image{width:150px;vertical-align:baseline;}<\/style>\n<h4 class=\"kt-adv-heading_12ad74-a1 wp-block-kadence-advancedheading\" data-kb-block=\"kb-adv-heading_12ad74-a1\">Contact Us<\/h4>\n\n\n\n<p style=\"font-size:15px\">Have questions or need help? Use the form to reach us, we will contact you as soon as possible.<\/p>\n<\/div><\/div>\n\n\n<style>.kadence-column_210627-3b > .kt-inside-inner-col,.kadence-column_210627-3b > .kt-inside-inner-col:before{border-top-left-radius:0px;border-top-right-radius:0px;border-bottom-right-radius:0px;border-bottom-left-radius:0px;}.kadence-column_210627-3b > .kt-inside-inner-col{column-gap:var(--global-kb-gap-sm, 1rem);}.kadence-column_210627-3b > .kt-inside-inner-col{flex-direction:column;}.kadence-column_210627-3b > .kt-inside-inner-col > .aligncenter{width:100%;}.kadence-column_210627-3b > .kt-inside-inner-col:before{opacity:0.3;}.kadence-column_210627-3b{position:relative;}@media all and (max-width: 1024px){.kadence-column_210627-3b > .kt-inside-inner-col{flex-direction:column;justify-content:center;}}@media all and (max-width: 767px){.kadence-column_210627-3b > .kt-inside-inner-col{flex-direction:column;justify-content:center;}}<\/style>\n<div class=\"wp-block-kadence-column kadence-column_210627-3b inner-column-2\"><div class=\"kt-inside-inner-col\"><style>.kadence-form-_e230c1-12 .kb-form .kadence-blocks-form-field .kb-text-style-field, .kadence-form-_e230c1-12 .kb-form .kadence-blocks-form-field .kb-select-style-field{font-size:14px;line-height:30px;border-width:1px 1px 1px 1px;background:var(--global-palette7, #EDF2F7);border-color:var(--global-palette7, #EDF2F7);box-shadow:1px 1px 2px 0px rgba(0, 0, 0, 0.2);}.kadence-form-_e230c1-12 .kb-form .kadence-blocks-form-field .kb-text-style-field:focus, .kadence-form-_e230c1-12 .kb-form .kadence-blocks-form-field .kb-select-style-field:focus{border-color:var(--global-palette8, #F7FAFC);background:var(--global-palette8, #F7FAFC);}.kadence-form-_e230c1-12 .kb-form .kadence-blocks-form-field .kb-text-style-field{padding-top:12px;padding-right:18px;padding-bottom:12px;padding-left:18px;}.kadence-form-_e230c1-12 .kb-form .kadence-blocks-form-field > label{font-size:102px;}.kadence-form-_e230c1-12 .kb-form .kadence-blocks-form-field .kb-forms-submit{border-radius:5px;background:var(--global-palette1, #3182CE);box-shadow:1px 1px 2px 0px rgba(0, 0, 0, 0.2);}.kadence-form-_e230c1-12 .kb-form .kadence-blocks-form-field .kb-forms-submit:hover, .kadence-form-_e230c1-12 .kb-form .kadence-blocks-form-field .kb-forms-submit:focus {background:var(--global-palette2, #2B6CB0);}.kb-form input.kadence-blocks-field.verify{opacity:0.0;position:absolute;top:0.0;left:0.0;width:0.0;height:0.0;z-index:-1;}<\/style>\n<div class=\"wp-block-kadence-form kadence-form-_e230c1-12 kb-form-wrap\"><form class=\"kb-form\" action=\"\" method=\"post\" data-error-message=\"L\u00fctfen hatan\u0131z\u0131 d\u00fczeltin\" data-trp-original-action=\"\"><div class=\"kadence-blocks-form-field kb-field-desk-width-100 kb-input-size-custom\"><input name=\"kb_field_0\" id=\"kb_field__e230c1-12_0\" data-label=\"Name\" type=\"text\" placeholder=\"Name Surname\" value=\"\" data-type=\"text\" class=\"kb-field kb-text-style-field kb-text-field kb-field-0\"\/><\/div><div class=\"kadence-blocks-form-field kb-form-field-1 kb-field-desk-width-100 kb-input-size-custom\"><input name=\"kb_field_1\" id=\"kb_field__e230c1-12_1\" data-label=\"Email\" type=\"email\" placeholder=\"Email\" value=\"\" data-type=\"email\" class=\"kb-field kb-text-style-field kb-email-field kb-field-1\" data-required=\"yes\"\/><\/div><div class=\"kadence-blocks-form-field kb-form-field-2 kb-field-desk-width-100 kb-input-size-custom\"><textarea name=\"kb_field_2\" id=\"kb_field__e230c1-12_2\" data-label=\"Mesaj\" type=\"textarea\" placeholder=\"Message\" data-type=\"textarea\" class=\"kb-field kb-text-style-field kb-textarea-field kb-field-2\" rows=\"4\" data-required=\"yes\"><\/textarea><\/div><input type=\"hidden\" name=\"_kb_form_id\" value=\"_e230c1-12\"\/><input type=\"hidden\" name=\"_kb_form_post_id\" value=\"70\"\/><input type=\"hidden\" name=\"action\" value=\"kb_process_ajax_submit\"\/><label class=\"kadence-verify-label\">Email<input class=\"kadence-blocks-field verify\" type=\"text\" name=\"_kb_verify_email\" autocomplete=\"new-password\" aria-hidden=\"true\" placeholder=\"Email\" tabindex=\"-1\" data-1p-ignore=\"true\" data-lpignore=\"true\" \/><\/label><div class=\"kadence-blocks-form-field kb-submit-field kb-field-desk-width-100\"><button class=\"kb-forms-submit button kb-button-size-standard kb-button-width-auto\">Send<\/button><\/div><input type=\"hidden\" name=\"trp-form-language\" value=\"en\"\/><\/form><\/div>\n<noscript><div class=\"kadence-blocks-form-message kadence-blocks-form-warning\">Please enable JavaScript in your browser to submit the form<\/div><style>.kadence-form-_e230c1-12 .kadence-blocks-form-field.kb-submit-field { display: none; }<\/style><\/noscript>\n\n\n<p><\/p>\n<\/div><\/div>\n\n<\/div><\/div>\n\n<style>.kb-row-layout-id_14d443-fe > .kt-row-column-wrap{align-content:start;}:where(.kb-row-layout-id_14d443-fe > .kt-row-column-wrap) > .wp-block-kadence-column{justify-content:start;}.kb-row-layout-id_14d443-fe > .kt-row-column-wrap{column-gap:var(--global-kb-gap-md, 2rem);row-gap:var(--global-kb-gap-md, 2rem);padding-top:25px;padding-bottom:51px;grid-template-columns:minmax(0, 1fr);}.kb-row-layout-id_14d443-fe > .kt-row-layout-overlay{opacity:0.30;}@media all and (max-width: 1024px){.kb-row-layout-id_14d443-fe > .kt-row-column-wrap{grid-template-columns:minmax(0, 1fr);}}@media all and (max-width: 767px){.kb-row-layout-id_14d443-fe > .kt-row-column-wrap{grid-template-columns:minmax(0, 1fr);}}<\/style><div class=\"kb-row-layout-wrap kb-row-layout-id_14d443-fe alignnone wp-block-kadence-rowlayout\"><div class=\"kt-row-column-wrap kt-has-1-columns kt-row-layout-equal kt-tab-layout-inherit kt-mobile-layout-row kt-row-valign-top\">\n<style>.kadence-column_300e79-db > .kt-inside-inner-col,.kadence-column_300e79-db > .kt-inside-inner-col:before{border-top-left-radius:0px;border-top-right-radius:0px;border-bottom-right-radius:0px;border-bottom-left-radius:0px;}.kadence-column_300e79-db > .kt-inside-inner-col{column-gap:var(--global-kb-gap-sm, 1rem);}.kadence-column_300e79-db > .kt-inside-inner-col{flex-direction:column;}.kadence-column_300e79-db > .kt-inside-inner-col > .aligncenter{width:100%;}.kadence-column_300e79-db > .kt-inside-inner-col:before{opacity:0.3;}.kadence-column_300e79-db{position:relative;}@media all and (max-width: 1024px){.kadence-column_300e79-db > .kt-inside-inner-col{flex-direction:column;justify-content:center;}}@media all and (max-width: 767px){.kadence-column_300e79-db > .kt-inside-inner-col{flex-direction:column;justify-content:center;}}<\/style>\n<div class=\"wp-block-kadence-column kadence-column_300e79-db inner-column-1\"><div class=\"kt-inside-inner-col\">\n<div class=\"wp-block-uagb-advanced-heading uagb-block-9f85987c\"><h2 class=\"uagb-heading-text\">Best Regards <\/h2><div class=\"uagb-separator-wrap\"><div class=\"uagb-separator\"><\/div><\/div><p class=\"uagb-desc-text\">Se\u00e7kin Makina ve Yedek Par\u00e7a \u0130n\u015f. San. ve Tic. Ltd. \u015eti.<\/p><\/div>\n\n\n\n<p><\/p>\n<\/div><\/div>\n\n<\/div><\/div>\n\n\t\t\t<div \n\t\t\tclass=\"wp-block-uagb-google-map uagb-google-map__wrap uagb-block-03520a16\"\n\t\t\tstyle=\"\" >\n\t\t\t\t<iframe\n\t\t\t\t\tclass=\"uagb-google-map__iframe\"\n\t\t\t\t\ttitle=\"Google Map for \"\n\t\t\t\t\tsrc=\"https:\/\/maps.google.com\/maps?q=Arnavutk%C3%B6y%20Merkez%2C%20Karl%C4%B1bay%C4%B1r%20Mahallesi%20Anadolu%20Caddesi%20No%3A25%2C%2034281%20Arnavutk%C3%B6y%2F%C4%B0stanbul%2C%20Turkey&#038;z=12&#038;hl=tr&#038;t=m&#038;output=embed&#038;iwloc=near\"\n\t\t\t\t\twidth=\"640\"\n\t\t\t\t\theight=\"300\"\n\t\t\t\t\tloading=\"lazy\"\n\t\t\t\t><\/iframe>\n\t\t\t<\/div>\n\t\t\t\n\n\n<p><\/p>","protected":false},"excerpt":{"rendered":"<p>SE\u00c7K\u0130N MAK\u0130NA MUTLU KULLANICI EK\u0130B\u0130 Hizmetlerimiz ve \u00fcr\u00fcnlerimiz ile ilgili her t\u00fcrl\u00fc soru ve sorunlar\u0131na yan\u0131t vermek ve \u00e7\u00f6z\u00fcm bulmak i\u00e7in \u00e7al\u0131\u015f\u0131yor. Bize Ula\u015f\u0131n Sorular\u0131n\u0131z m\u0131 var veya yard\u0131ma m\u0131 ihtiyac\u0131n\u0131z var? Ula\u015fmak i\u00e7in formu kullan\u0131n, sizinle en k\u0131sa s\u00fcrede ileti\u015fime ge\u00e7ece\u011fiz. Sayg\u0131lar\u0131m\u0131zla Se\u00e7kin Makina ve Yedek Par\u00e7a \u0130n\u015f. San. ve Tic. Ltd. \u015eti.<\/p>","protected":false},"author":1,"featured_media":594,"parent":0,"menu_order":0,"comment_status":"closed","ping_status":"closed","template":"","meta":{"_uag_custom_page_level_css":"","_kad_post_transparent":"","_kad_post_title":"","_kad_post_layout":"","_kad_post_sidebar_id":"","_kad_post_content_style":"","_kad_post_vertical_padding":"","_kad_post_feature":"","_kad_post_feature_position":"","_kad_post_header":false,"_kad_post_footer":false,"footnotes":""},"class_list":["post-70","page","type-page","status-publish","has-post-thumbnail","hentry"],"uagb_featured_image_src":{"full":["https:\/\/www.seckinmakina.com.tr\/wp-content\/uploads\/2021\/07\/bizeulasin.jpg",1200,340,false],"thumbnail":["https:\/\/www.seckinmakina.com.tr\/wp-content\/uploads\/2021\/07\/bizeulasin-150x150.jpg",150,150,true],"medium":["https:\/\/www.seckinmakina.com.tr\/wp-content\/uploads\/2021\/07\/bizeulasin-300x85.jpg",300,85,true],"medium_large":["https:\/\/www.seckinmakina.com.tr\/wp-content\/uploads\/2021\/07\/bizeulasin-768x218.jpg",768,218,true],"large":["https:\/\/www.seckinmakina.com.tr\/wp-content\/uploads\/2021\/07\/bizeulasin-1024x290.jpg",1024,290,true],"1536x1536":["https:\/\/www.seckinmakina.com.tr\/wp-content\/uploads\/2021\/07\/bizeulasin.jpg",1200,340,false],"2048x2048":["https:\/\/www.seckinmakina.com.tr\/wp-content\/uploads\/2021\/07\/bizeulasin.jpg",1200,340,false],"trp-custom-language-flag":["https:\/\/www.seckinmakina.com.tr\/wp-content\/uploads\/2021\/07\/bizeulasin.jpg",18,5,false],"woocommerce_thumbnail":["https:\/\/www.seckinmakina.com.tr\/wp-content\/uploads\/2021\/07\/bizeulasin-300x300.jpg",300,300,true],"woocommerce_single":["https:\/\/www.seckinmakina.com.tr\/wp-content\/uploads\/2021\/07\/bizeulasin-300x85.jpg",300,85,true],"woocommerce_gallery_thumbnail":["https:\/\/www.seckinmakina.com.tr\/wp-content\/uploads\/2021\/07\/bizeulasin-100x100.jpg",100,100,true]},"uagb_author_info":{"display_name":"seckinma","author_link":"https:\/\/www.seckinmakina.com.tr\/en\/author\/seckinma\/"},"uagb_comment_info":0,"uagb_excerpt":"SE\u00c7K\u0130N MAK\u0130NA MUTLU KULLANICI EK\u0130B\u0130 Hizmetlerimiz ve \u00fcr\u00fcnlerimiz ile ilgili her t\u00fcrl\u00fc soru ve sorunlar\u0131na yan\u0131t vermek ve \u00e7\u00f6z\u00fcm bulmak i\u00e7in \u00e7al\u0131\u015f\u0131yor. Bize Ula\u015f\u0131n Sorular\u0131n\u0131z m\u0131 var veya yard\u0131ma m\u0131 ihtiyac\u0131n\u0131z var? Ula\u015fmak i\u00e7in formu kullan\u0131n, sizinle en k\u0131sa s\u00fcrede ileti\u015fime ge\u00e7ece\u011fiz. Sayg\u0131lar\u0131m\u0131zla Se\u00e7kin Makina ve Yedek Par\u00e7a \u0130n\u015f. San. ve Tic. Ltd. \u015eti.","_links":{"self":[{"href":"https:\/\/www.seckinmakina.com.tr\/en\/wp-json\/wp\/v2\/pages\/70","targetHints":{"allow":["GET"]}}],"collection":[{"href":"https:\/\/www.seckinmakina.com.tr\/en\/wp-json\/wp\/v2\/pages"}],"about":[{"href":"https:\/\/www.seckinmakina.com.tr\/en\/wp-json\/wp\/v2\/types\/page"}],"author":[{"embeddable":true,"href":"https:\/\/www.seckinmakina.com.tr\/en\/wp-json\/wp\/v2\/users\/1"}],"replies":[{"embeddable":true,"href":"https:\/\/www.seckinmakina.com.tr\/en\/wp-json\/wp\/v2\/comments?post=70"}],"version-history":[{"count":22,"href":"https:\/\/www.seckinmakina.com.tr\/en\/wp-json\/wp\/v2\/pages\/70\/revisions"}],"predecessor-version":[{"id":705,"href":"https:\/\/www.seckinmakina.com.tr\/en\/wp-json\/wp\/v2\/pages\/70\/revisions\/705"}],"wp:featuredmedia":[{"embeddable":true,"href":"https:\/\/www.seckinmakina.com.tr\/en\/wp-json\/wp\/v2\/media\/594"}],"wp:attachment":[{"href":"https:\/\/www.seckinmakina.com.tr\/en\/wp-json\/wp\/v2\/media?parent=70"}],"curies":[{"name":"wp","href":"https:\/\/api.w.org\/{rel}","templated":true}]}}