{"id":516,"date":"2021-07-29T15:15:36","date_gmt":"2021-07-29T12:15:36","guid":{"rendered":"https:\/\/seckinmakina.com.tr\/?page_id=516"},"modified":"2021-07-29T18:21:45","modified_gmt":"2021-07-29T15:21:45","slug":"vizyonumuz-misyonumuz","status":"publish","type":"page","link":"https:\/\/www.seckinmakina.com.tr\/en\/vizyonumuz-misyonumuz\/","title":{"rendered":"Vision &amp; Mission"},"content":{"rendered":"<style>#kt-layout-id_001d4b-c5 > .kt-row-column-wrap{align-content:start;}:where(#kt-layout-id_001d4b-c5 > .kt-row-column-wrap) > .wp-block-kadence-column{justify-content:start;}#kt-layout-id_001d4b-c5 > .kt-row-column-wrap{column-gap:var(--global-kb-gap-md, 2rem);row-gap:var(--global-kb-gap-md, 2rem);padding-top:var( --global-kb-row-default-top, 25px );padding-bottom:var( --global-kb-row-default-bottom, 25px );padding-top:var(--global-kb-spacing-sm, 1.5rem);padding-bottom:var(--global-kb-spacing-sm, 1.5rem);grid-template-columns:minmax(0, 1fr);}#kt-layout-id_001d4b-c5 > .kt-row-layout-overlay{opacity:0.30;}@media all and (max-width: 1024px){#kt-layout-id_001d4b-c5 > .kt-row-column-wrap{grid-template-columns:minmax(0, 1fr);}}@media all and (max-width: 767px){#kt-layout-id_001d4b-c5 > .kt-row-column-wrap{grid-template-columns:minmax(0, 1fr);}}<\/style>\n<div class=\"wp-block-kadence-rowlayout aligncenter\"><div id=\"kt-layout-id_001d4b-c5\" class=\"kt-row-layout-inner kt-layout-id_001d4b-c5\"><div class=\"kt-row-column-wrap kt-has-1-columns kt-gutter-default kt-v-gutter-default kt-row-valign-top kt-row-layout-equal kt-tab-layout-inherit kt-m-colapse-left-to-right kt-mobile-layout-row\"><style>.kadence-column_89ff4d-e4 > .kt-inside-inner-col{border-top-width:0px;border-right-width:0px;border-bottom-width:0px;border-left-width:0px;}.kadence-column_89ff4d-e4 > .kt-inside-inner-col,.kadence-column_89ff4d-e4 > .kt-inside-inner-col:before{border-top-left-radius:0px;border-top-right-radius:0px;border-bottom-right-radius:0px;border-bottom-left-radius:0px;}.kadence-column_89ff4d-e4 > .kt-inside-inner-col{column-gap:var(--global-kb-gap-sm, 1rem);}.kadence-column_89ff4d-e4 > .kt-inside-inner-col{flex-direction:column;}.kadence-column_89ff4d-e4 > .kt-inside-inner-col > .aligncenter{width:100%;}.kadence-column_89ff4d-e4 > .kt-inside-inner-col:before{opacity:0.3;}.kadence-column_89ff4d-e4{text-align:center;}.kadence-column_89ff4d-e4{position:relative;}@media all and (max-width: 1024px){.kadence-column_89ff4d-e4 > .kt-inside-inner-col{flex-direction:column;justify-content:center;}}@media all and (max-width: 767px){.kadence-column_89ff4d-e4 > .kt-inside-inner-col{flex-direction:column;justify-content:center;}}<\/style>\n<div class=\"wp-block-kadence-column inner-column-1 kadence-column_89ff4d-e4\"><div class=\"kt-inside-inner-col\"><style>.wp-block-kadence-advancedheading.kt-adv-heading_dbc243-55, .wp-block-kadence-advancedheading.kt-adv-heading_dbc243-55[data-kb-block=\"kb-adv-heading_dbc243-55\"]{font-style:normal;}.wp-block-kadence-advancedheading.kt-adv-heading_dbc243-55 mark.kt-highlight, .wp-block-kadence-advancedheading.kt-adv-heading_dbc243-55[data-kb-block=\"kb-adv-heading_dbc243-55\"] mark.kt-highlight{font-style:normal;color:#f76a0c;-webkit-box-decoration-break:clone;box-decoration-break:clone;padding-top:0px;padding-right:0px;padding-bottom:0px;padding-left:0px;}.wp-block-kadence-advancedheading.kt-adv-heading_dbc243-55 img.kb-inline-image, .wp-block-kadence-advancedheading.kt-adv-heading_dbc243-55[data-kb-block=\"kb-adv-heading_dbc243-55\"] img.kb-inline-image{width:150px;vertical-align:baseline;}<\/style>\n<h2 class=\"kt-adv-heading_dbc243-55 wp-block-kadence-advancedheading\" data-kb-block=\"kb-adv-heading_dbc243-55\">Vision<\/h2>\n\n\n\n<p style=\"line-height:2.2\">To be a company that adds value to its country and its customers and is followed in the sector, together with our valuable employees, whose experience and hard work we are proud of, in our company, which is equipped with the best service and the highest quality products with new technologies, in the competitive environment of the new century, by preserving our corporate values that we have created in our past of more than 25 years. <\/p>\n<\/div><\/div>\n<\/div><\/div><\/div>\n\n\n<style>#kt-layout-id_795204-3e > .kt-row-column-wrap{align-content:start;}:where(#kt-layout-id_795204-3e > .kt-row-column-wrap) > .wp-block-kadence-column{justify-content:start;}#kt-layout-id_795204-3e > .kt-row-column-wrap{column-gap:var(--global-kb-gap-md, 2rem);row-gap:var(--global-kb-gap-md, 2rem);padding-top:var( --global-kb-row-default-top, 25px );padding-bottom:var( --global-kb-row-default-bottom, 25px );padding-top:var(--global-kb-spacing-sm, 1.5rem);padding-bottom:var(--global-kb-spacing-sm, 1.5rem);grid-template-columns:minmax(0, 1fr);}#kt-layout-id_795204-3e > .kt-row-layout-overlay{opacity:0.30;}@media all and (max-width: 1024px){#kt-layout-id_795204-3e > .kt-row-column-wrap{grid-template-columns:minmax(0, 1fr);}}@media all and (max-width: 767px){#kt-layout-id_795204-3e > .kt-row-column-wrap{grid-template-columns:minmax(0, 1fr);}}<\/style>\n<div class=\"wp-block-kadence-rowlayout alignnone\"><div id=\"kt-layout-id_795204-3e\" class=\"kt-row-layout-inner kt-layout-id_795204-3e\"><div class=\"kt-row-column-wrap kt-has-1-columns kt-gutter-default kt-v-gutter-default kt-row-valign-top kt-row-layout-equal kt-tab-layout-inherit kt-m-colapse-left-to-right kt-mobile-layout-row\"><style>.kadence-column_a2df43-b5 > .kt-inside-inner-col{border-top-width:0px;border-right-width:0px;border-bottom-width:0px;border-left-width:0px;}.kadence-column_a2df43-b5 > .kt-inside-inner-col,.kadence-column_a2df43-b5 > .kt-inside-inner-col:before{border-top-left-radius:0px;border-top-right-radius:0px;border-bottom-right-radius:0px;border-bottom-left-radius:0px;}.kadence-column_a2df43-b5 > .kt-inside-inner-col{column-gap:var(--global-kb-gap-sm, 1rem);}.kadence-column_a2df43-b5 > .kt-inside-inner-col{flex-direction:column;}.kadence-column_a2df43-b5 > .kt-inside-inner-col > .aligncenter{width:100%;}.kadence-column_a2df43-b5 > .kt-inside-inner-col:before{opacity:0.3;}.kadence-column_a2df43-b5{position:relative;}@media all and (max-width: 1024px){.kadence-column_a2df43-b5 > .kt-inside-inner-col{flex-direction:column;justify-content:center;}}@media all and (max-width: 767px){.kadence-column_a2df43-b5 > .kt-inside-inner-col{flex-direction:column;justify-content:center;}}<\/style>\n<div class=\"wp-block-kadence-column inner-column-1 kadence-column_a2df43-b5\"><div class=\"kt-inside-inner-col\">\n<figure class=\"wp-block-pullquote\"><blockquote><p>The vision is to share the future. Creative ideas that remain in the brain of only one person, a leader, cannot be defined as a \"vision\".<\/p><cite>Faruk T\u00fcrko\u011flu<\/cite><\/blockquote><\/figure>\n<\/div><\/div>\n<\/div><\/div><\/div>\n\n\n<style>#kt-layout-id_33ba65-3b > .kt-row-column-wrap{align-content:start;}:where(#kt-layout-id_33ba65-3b > .kt-row-column-wrap) > .wp-block-kadence-column{justify-content:start;}#kt-layout-id_33ba65-3b > .kt-row-column-wrap{column-gap:var(--global-kb-gap-md, 2rem);row-gap:var(--global-kb-gap-md, 2rem);padding-top:var( --global-kb-row-default-top, 25px );padding-bottom:var( --global-kb-row-default-bottom, 25px );padding-top:var(--global-kb-spacing-sm, 1.5rem);padding-bottom:var(--global-kb-spacing-sm, 1.5rem);grid-template-columns:minmax(0, 1fr);}#kt-layout-id_33ba65-3b > .kt-row-layout-overlay{opacity:0.30;}@media all and (max-width: 1024px){#kt-layout-id_33ba65-3b > .kt-row-column-wrap{grid-template-columns:minmax(0, 1fr);}}@media all and (max-width: 767px){#kt-layout-id_33ba65-3b > .kt-row-column-wrap{grid-template-columns:minmax(0, 1fr);}}<\/style>\n<div class=\"wp-block-kadence-rowlayout aligncenter\"><div id=\"kt-layout-id_33ba65-3b\" class=\"kt-row-layout-inner kt-layout-id_33ba65-3b\"><div class=\"kt-row-column-wrap kt-has-1-columns kt-gutter-default kt-v-gutter-default kt-row-valign-top kt-row-layout-equal kt-tab-layout-inherit kt-m-colapse-left-to-right kt-mobile-layout-row\"><style>.kadence-column_4a5f5f-6d > .kt-inside-inner-col{border-top-width:0px;border-right-width:0px;border-bottom-width:0px;border-left-width:0px;}.kadence-column_4a5f5f-6d > .kt-inside-inner-col,.kadence-column_4a5f5f-6d > .kt-inside-inner-col:before{border-top-left-radius:0px;border-top-right-radius:0px;border-bottom-right-radius:0px;border-bottom-left-radius:0px;}.kadence-column_4a5f5f-6d > .kt-inside-inner-col{column-gap:var(--global-kb-gap-sm, 1rem);}.kadence-column_4a5f5f-6d > .kt-inside-inner-col{flex-direction:column;}.kadence-column_4a5f5f-6d > .kt-inside-inner-col > .aligncenter{width:100%;}.kadence-column_4a5f5f-6d > .kt-inside-inner-col:before{opacity:0.3;}.kadence-column_4a5f5f-6d{text-align:center;}.kadence-column_4a5f5f-6d{position:relative;}@media all and (max-width: 1024px){.kadence-column_4a5f5f-6d > .kt-inside-inner-col{flex-direction:column;justify-content:center;}}@media all and (max-width: 767px){.kadence-column_4a5f5f-6d > .kt-inside-inner-col{flex-direction:column;justify-content:center;}}<\/style>\n<div class=\"wp-block-kadence-column inner-column-1 kadence-column_4a5f5f-6d\"><div class=\"kt-inside-inner-col\"><style>.wp-block-kadence-advancedheading.kt-adv-heading_1ff84e-b2, .wp-block-kadence-advancedheading.kt-adv-heading_1ff84e-b2[data-kb-block=\"kb-adv-heading_1ff84e-b2\"]{font-style:normal;}.wp-block-kadence-advancedheading.kt-adv-heading_1ff84e-b2 mark.kt-highlight, .wp-block-kadence-advancedheading.kt-adv-heading_1ff84e-b2[data-kb-block=\"kb-adv-heading_1ff84e-b2\"] mark.kt-highlight{font-style:normal;color:#f76a0c;-webkit-box-decoration-break:clone;box-decoration-break:clone;padding-top:0px;padding-right:0px;padding-bottom:0px;padding-left:0px;}.wp-block-kadence-advancedheading.kt-adv-heading_1ff84e-b2 img.kb-inline-image, .wp-block-kadence-advancedheading.kt-adv-heading_1ff84e-b2[data-kb-block=\"kb-adv-heading_1ff84e-b2\"] img.kb-inline-image{width:150px;vertical-align:baseline;}<\/style>\n<h2 class=\"kt-adv-heading_1ff84e-b2 wp-block-kadence-advancedheading\" data-kb-block=\"kb-adv-heading_1ff84e-b2\">Mission<\/h2>\n\n\n\n<p style=\"line-height:2.2\" class=\" translation-block\">To renew the production quality and design, to improve it continuously and to offer the highest quality to the customer. <br>Using advanced techniques and cutting-edge technologies, constantly increasing our R&amp;D studies; To be an international brand with our quality products with the highest standards accepted in the world markets and to produce innovative solutions continuously with our advantage of immediate accessibility in after-sales services.<\/p>\n<\/div><\/div>\n<\/div><\/div><\/div>\n\n\n\n<figure class=\"wp-block-pullquote\"><blockquote><p>Create a mission where your employees can put their best performance and fight for it.<\/p><cite>Charles Garfield<\/cite><\/blockquote><\/figure>","protected":false},"excerpt":{"rendered":"<p>Vizyon 25 y\u0131l\u0131 a\u015fan ge\u00e7mi\u015fimizde olu\u015fturdu\u011fumuz kurumsal de\u011ferlerimizi koruyup yeni y\u00fczy\u0131l\u0131n rekabet ortam\u0131nda da en iyi hizmeti ve en kaliteli \u00fcr\u00fcnleri yeni teknolojilerle donat\u0131lm\u0131\u015f firmam\u0131zda, tecr\u00fcbeli ve \u00e7al\u0131\u015fkanl\u0131klar\u0131yla gurur duydu\u011fumuz de\u011ferli \u00e7al\u0131\u015fanlar\u0131m\u0131z ile birlikte \u00fclkesine ve m\u00fc\u015fterilerine de\u011fer katan, sekt\u00f6r\u00fcnde takip edilen firma olabilmektir. Vizyon gelece\u011fi payla\u015fmakt\u0131r. Yaln\u0131z tek bir ki\u015finin, bir liderin beyninin i\u00e7inde&#8230;<\/p>","protected":false},"author":1,"featured_media":472,"parent":0,"menu_order":0,"comment_status":"closed","ping_status":"closed","template":"","meta":{"_uag_custom_page_level_css":"","_kad_post_transparent":"","_kad_post_title":"","_kad_post_layout":"","_kad_post_sidebar_id":"","_kad_post_content_style":"","_kad_post_vertical_padding":"","_kad_post_feature":"","_kad_post_feature_position":"","_kad_post_header":false,"_kad_post_footer":false,"footnotes":""},"class_list":["post-516","page","type-page","status-publish","has-post-thumbnail","hentry"],"uagb_featured_image_src":{"full":["https:\/\/www.seckinmakina.com.tr\/wp-content\/uploads\/2021\/07\/kt_11_background_image.jpg",1600,1066,false],"thumbnail":["https:\/\/www.seckinmakina.com.tr\/wp-content\/uploads\/2021\/07\/kt_11_background_image-150x150.jpg",150,150,true],"medium":["https:\/\/www.seckinmakina.com.tr\/wp-content\/uploads\/2021\/07\/kt_11_background_image-300x200.jpg",300,200,true],"medium_large":["https:\/\/www.seckinmakina.com.tr\/wp-content\/uploads\/2021\/07\/kt_11_background_image-768x512.jpg",768,512,true],"large":["https:\/\/www.seckinmakina.com.tr\/wp-content\/uploads\/2021\/07\/kt_11_background_image-1024x682.jpg",1024,682,true],"1536x1536":["https:\/\/www.seckinmakina.com.tr\/wp-content\/uploads\/2021\/07\/kt_11_background_image-1536x1023.jpg",1536,1023,true],"2048x2048":["https:\/\/www.seckinmakina.com.tr\/wp-content\/uploads\/2021\/07\/kt_11_background_image.jpg",1600,1066,false],"trp-custom-language-flag":["https:\/\/www.seckinmakina.com.tr\/wp-content\/uploads\/2021\/07\/kt_11_background_image.jpg",18,12,false],"woocommerce_thumbnail":["https:\/\/www.seckinmakina.com.tr\/wp-content\/uploads\/2021\/07\/kt_11_background_image-300x300.jpg",300,300,true],"woocommerce_single":["https:\/\/www.seckinmakina.com.tr\/wp-content\/uploads\/2021\/07\/kt_11_background_image-300x200.jpg",300,200,true],"woocommerce_gallery_thumbnail":["https:\/\/www.seckinmakina.com.tr\/wp-content\/uploads\/2021\/07\/kt_11_background_image-100x100.jpg",100,100,true]},"uagb_author_info":{"display_name":"seckinma","author_link":"https:\/\/www.seckinmakina.com.tr\/en\/author\/seckinma\/"},"uagb_comment_info":0,"uagb_excerpt":"Vizyon 25 y\u0131l\u0131 a\u015fan ge\u00e7mi\u015fimizde olu\u015fturdu\u011fumuz kurumsal de\u011ferlerimizi koruyup yeni y\u00fczy\u0131l\u0131n rekabet ortam\u0131nda da en iyi hizmeti ve en kaliteli \u00fcr\u00fcnleri yeni teknolojilerle donat\u0131lm\u0131\u015f firmam\u0131zda, tecr\u00fcbeli ve \u00e7al\u0131\u015fkanl\u0131klar\u0131yla gurur duydu\u011fumuz de\u011ferli \u00e7al\u0131\u015fanlar\u0131m\u0131z ile birlikte \u00fclkesine ve m\u00fc\u015fterilerine de\u011fer katan, sekt\u00f6r\u00fcnde takip edilen firma olabilmektir. Vizyon gelece\u011fi payla\u015fmakt\u0131r. Yaln\u0131z tek bir ki\u015finin, bir liderin beyninin i\u00e7inde...","_links":{"self":[{"href":"https:\/\/www.seckinmakina.com.tr\/en\/wp-json\/wp\/v2\/pages\/516","targetHints":{"allow":["GET"]}}],"collection":[{"href":"https:\/\/www.seckinmakina.com.tr\/en\/wp-json\/wp\/v2\/pages"}],"about":[{"href":"https:\/\/www.seckinmakina.com.tr\/en\/wp-json\/wp\/v2\/types\/page"}],"author":[{"embeddable":true,"href":"https:\/\/www.seckinmakina.com.tr\/en\/wp-json\/wp\/v2\/users\/1"}],"replies":[{"embeddable":true,"href":"https:\/\/www.seckinmakina.com.tr\/en\/wp-json\/wp\/v2\/comments?post=516"}],"version-history":[{"count":12,"href":"https:\/\/www.seckinmakina.com.tr\/en\/wp-json\/wp\/v2\/pages\/516\/revisions"}],"predecessor-version":[{"id":587,"href":"https:\/\/www.seckinmakina.com.tr\/en\/wp-json\/wp\/v2\/pages\/516\/revisions\/587"}],"wp:featuredmedia":[{"embeddable":true,"href":"https:\/\/www.seckinmakina.com.tr\/en\/wp-json\/wp\/v2\/media\/472"}],"wp:attachment":[{"href":"https:\/\/www.seckinmakina.com.tr\/en\/wp-json\/wp\/v2\/media?parent=516"}],"curies":[{"name":"wp","href":"https:\/\/api.w.org\/{rel}","templated":true}]}}