{"id":513,"date":"2021-07-29T15:14:13","date_gmt":"2021-07-29T12:14:13","guid":{"rendered":"https:\/\/seckinmakina.com.tr\/?page_id=513"},"modified":"2021-08-19T19:02:30","modified_gmt":"2021-08-19T16:02:30","slug":"kurumsal","status":"publish","type":"page","link":"https:\/\/www.seckinmakina.com.tr\/en\/anasayfa\/kurumsal\/","title":{"rendered":"Corporate"},"content":{"rendered":"<p><\/p>\n\n\n\n<div class=\"wp-block-group has-background\" style=\"background-color:#ffffff\"><div class=\"wp-block-group__inner-container is-layout-flow wp-block-group-is-layout-flow\">\n<div class=\"wp-block-group\"><div class=\"wp-block-group__inner-container is-layout-flow wp-block-group-is-layout-flow\"><style>#kt-layout-id_c27d3e-25 > .kt-row-column-wrap{align-content:center;}:where(#kt-layout-id_c27d3e-25 > .kt-row-column-wrap) > .wp-block-kadence-column{justify-content:center;}#kt-layout-id_c27d3e-25 > .kt-row-column-wrap{column-gap:var(--global-kb-gap-md, 2rem);row-gap:var(--global-kb-gap-md, 2rem);max-width:1265px;margin-left:auto;margin-right:auto;padding-top:var( --global-kb-row-default-top, 25px );padding-bottom:var( --global-kb-row-default-bottom, 25px );padding-top:var(--global-kb-spacing-sm, 1.5rem);padding-bottom:var(--global-kb-spacing-sm, 1.5rem);grid-template-columns:minmax(0, 1fr);}#kt-layout-id_c27d3e-25 > .kt-row-layout-overlay{opacity:0.30;}@media all and (max-width: 1024px){#kt-layout-id_c27d3e-25 > .kt-row-column-wrap{grid-template-columns:minmax(0, 1fr);}}@media all and (max-width: 767px){#kt-layout-id_c27d3e-25 > .kt-row-column-wrap{grid-template-columns:minmax(0, 1fr);}}<\/style>\n<div class=\"wp-block-kadence-rowlayout alignnone\"><div id=\"kt-layout-id_c27d3e-25\" class=\"kt-row-layout-inner kt-layout-id_c27d3e-25\"><div class=\"kt-row-column-wrap kt-has-1-columns kt-gutter-default kt-v-gutter-default kt-row-valign-middle kt-row-layout-equal kt-tab-layout-inherit kt-m-colapse-left-to-right kt-mobile-layout-row\"><style>.kadence-column_3ca332-8c > .kt-inside-inner-col{border-top-width:0px;border-right-width:0px;border-bottom-width:0px;border-left-width:0px;}.kadence-column_3ca332-8c > .kt-inside-inner-col,.kadence-column_3ca332-8c > .kt-inside-inner-col:before{border-top-left-radius:0px;border-top-right-radius:0px;border-bottom-right-radius:0px;border-bottom-left-radius:0px;}.kadence-column_3ca332-8c > .kt-inside-inner-col{column-gap:var(--global-kb-gap-sm, 1rem);}.kadence-column_3ca332-8c > .kt-inside-inner-col{flex-direction:column;}.kadence-column_3ca332-8c > .kt-inside-inner-col > .aligncenter{width:100%;}.kadence-column_3ca332-8c > .kt-inside-inner-col:before{opacity:0.3;}.kadence-column_3ca332-8c{position:relative;}@media all and (max-width: 1024px){.kadence-column_3ca332-8c > .kt-inside-inner-col{flex-direction:column;justify-content:center;}}@media all and (max-width: 767px){.kadence-column_3ca332-8c > .kt-inside-inner-col{flex-direction:column;justify-content:center;}}<\/style>\n<div class=\"wp-block-kadence-column inner-column-1 kadence-column_3ca332-8c\"><div class=\"kt-inside-inner-col\">\n<div class=\"wp-block-media-text alignwide is-stacked-on-mobile is-vertically-aligned-center\" style=\"grid-template-columns:33% auto\"><figure class=\"wp-block-media-text__media\"><img loading=\"lazy\" decoding=\"async\" width=\"512\" height=\"341\" src=\"https:\/\/www.seckinmakina.com.tr\/wp-content\/uploads\/2021\/07\/hakkimizda2.png\" alt=\"\" class=\"wp-image-470 size-full\" srcset=\"https:\/\/www.seckinmakina.com.tr\/wp-content\/uploads\/2021\/07\/hakkimizda2.png 512w, https:\/\/www.seckinmakina.com.tr\/wp-content\/uploads\/2021\/07\/hakkimizda2-300x200.png 300w\" sizes=\"auto, (max-width: 512px) 100vw, 512px\" \/><\/figure><div class=\"wp-block-media-text__content\">\n<h2 class=\"wp-block-heading\">Kurumsal Kimlik<\/h2>\n\n\n\n<h5 class=\"wp-block-heading\">\u00dcst\u00fcn Hizmet \u0130\u015f Modeli<\/h5>\n\n\n\n<p>T\u00fcm payda\u015flar\u0131na de\u011fer yaratarak s\u00fcrd\u00fcr\u00fclebilir b\u00fcy\u00fcme sa\u011flamak hedefiyle ilerleyen Se\u00e7kin Makina ve Yedek Par\u00e7a \u0130n\u015f. San. ve Tic. Ltd. \u015eti. stratejisini, m\u00fc\u015fterilerine kar\u015f\u0131 her zaman &#8220;\u015feffaf&#8221;, &#8220;anla\u015f\u0131l\u0131r&#8221; ve &#8220;sorumlu&#8221; bir yakla\u015f\u0131mla, ihtiya\u00e7lar\u0131na uygun \u00fcr\u00fcn ve hizmetler sunarak m\u00fc\u015fteri deneyimini s\u00fcrekli iyile\u015ftirmek ilkeleri \u00fczerine yap\u0131land\u0131r\u0131yor. Sahip oldu\u011fu yetkin ve dinamik insan kayna\u011f\u0131, teknoloji alan\u0131ndaki kesintisiz yat\u0131r\u0131mlar\u0131, kalite ve m\u00fc\u015fteri memnuniyetinden \u00f6d\u00fcn vermeden sundu\u011fu inovatif \u00fcr\u00fcn ve hizmetleri, Se\u00e7kin Makina ve Yedek Par\u00e7a \u0130n\u015f. San. ve Tic. Ltd. \u015eti.&#8217;yi T\u00fcrk deri makinalar\u0131 sekt\u00f6r\u00fcnde lider bir konuma ta\u015f\u0131yor.<\/p>\n<\/div><\/div>\n<\/div><\/div>\n<\/div><\/div><\/div>\n<\/div><\/div>\n<\/div><\/div>","protected":false},"excerpt":{"rendered":"<p>Kurumsal Kimlik \u00dcst\u00fcn Hizmet \u0130\u015f Modeli T\u00fcm payda\u015flar\u0131na de\u011fer yaratarak s\u00fcrd\u00fcr\u00fclebilir b\u00fcy\u00fcme sa\u011flamak hedefiyle ilerleyen Se\u00e7kin Makina ve Yedek Par\u00e7a \u0130n\u015f. San. ve Tic. Ltd. \u015eti. stratejisini, m\u00fc\u015fterilerine kar\u015f\u0131 her zaman &#8220;\u015feffaf&#8221;, &#8220;anla\u015f\u0131l\u0131r&#8221; ve &#8220;sorumlu&#8221; bir yakla\u015f\u0131mla, ihtiya\u00e7lar\u0131na uygun \u00fcr\u00fcn ve hizmetler sunarak m\u00fc\u015fteri deneyimini s\u00fcrekli iyile\u015ftirmek ilkeleri \u00fczerine yap\u0131land\u0131r\u0131yor. Sahip oldu\u011fu yetkin ve dinamik&#8230;<\/p>","protected":false},"author":1,"featured_media":685,"parent":66,"menu_order":0,"comment_status":"closed","ping_status":"closed","template":"","meta":{"_uag_custom_page_level_css":"","_kad_post_transparent":"","_kad_post_title":"","_kad_post_layout":"","_kad_post_sidebar_id":"","_kad_post_content_style":"","_kad_post_vertical_padding":"","_kad_post_feature":"","_kad_post_feature_position":"","_kad_post_header":false,"_kad_post_footer":false,"footnotes":""},"class_list":["post-513","page","type-page","status-publish","has-post-thumbnail","hentry"],"uagb_featured_image_src":{"full":["https:\/\/www.seckinmakina.com.tr\/wp-content\/uploads\/2021\/08\/i6.jpg",1452,631,false],"thumbnail":["https:\/\/www.seckinmakina.com.tr\/wp-content\/uploads\/2021\/08\/i6-150x150.jpg",150,150,true],"medium":["https:\/\/www.seckinmakina.com.tr\/wp-content\/uploads\/2021\/08\/i6-300x130.jpg",300,130,true],"medium_large":["https:\/\/www.seckinmakina.com.tr\/wp-content\/uploads\/2021\/08\/i6-768x334.jpg",768,334,true],"large":["https:\/\/www.seckinmakina.com.tr\/wp-content\/uploads\/2021\/08\/i6-1024x445.jpg",1024,445,true],"1536x1536":["https:\/\/www.seckinmakina.com.tr\/wp-content\/uploads\/2021\/08\/i6.jpg",1452,631,false],"2048x2048":["https:\/\/www.seckinmakina.com.tr\/wp-content\/uploads\/2021\/08\/i6.jpg",1452,631,false],"trp-custom-language-flag":["https:\/\/www.seckinmakina.com.tr\/wp-content\/uploads\/2021\/08\/i6-18x8.jpg",18,8,true],"woocommerce_thumbnail":["https:\/\/www.seckinmakina.com.tr\/wp-content\/uploads\/2021\/08\/i6-300x300.jpg",300,300,true],"woocommerce_single":["https:\/\/www.seckinmakina.com.tr\/wp-content\/uploads\/2021\/08\/i6-300x130.jpg",300,130,true],"woocommerce_gallery_thumbnail":["https:\/\/www.seckinmakina.com.tr\/wp-content\/uploads\/2021\/08\/i6-100x100.jpg",100,100,true]},"uagb_author_info":{"display_name":"seckinma","author_link":"https:\/\/www.seckinmakina.com.tr\/en\/author\/seckinma\/"},"uagb_comment_info":0,"uagb_excerpt":"Kurumsal Kimlik \u00dcst\u00fcn Hizmet \u0130\u015f Modeli T\u00fcm payda\u015flar\u0131na de\u011fer yaratarak s\u00fcrd\u00fcr\u00fclebilir b\u00fcy\u00fcme sa\u011flamak hedefiyle ilerleyen Se\u00e7kin Makina ve Yedek Par\u00e7a \u0130n\u015f. San. ve Tic. Ltd. \u015eti. stratejisini, m\u00fc\u015fterilerine kar\u015f\u0131 her zaman &#8220;\u015feffaf&#8221;, &#8220;anla\u015f\u0131l\u0131r&#8221; ve &#8220;sorumlu&#8221; bir yakla\u015f\u0131mla, ihtiya\u00e7lar\u0131na uygun \u00fcr\u00fcn ve hizmetler sunarak m\u00fc\u015fteri deneyimini s\u00fcrekli iyile\u015ftirmek ilkeleri \u00fczerine yap\u0131land\u0131r\u0131yor. Sahip oldu\u011fu yetkin ve dinamik...","_links":{"self":[{"href":"https:\/\/www.seckinmakina.com.tr\/en\/wp-json\/wp\/v2\/pages\/513","targetHints":{"allow":["GET"]}}],"collection":[{"href":"https:\/\/www.seckinmakina.com.tr\/en\/wp-json\/wp\/v2\/pages"}],"about":[{"href":"https:\/\/www.seckinmakina.com.tr\/en\/wp-json\/wp\/v2\/types\/page"}],"author":[{"embeddable":true,"href":"https:\/\/www.seckinmakina.com.tr\/en\/wp-json\/wp\/v2\/users\/1"}],"replies":[{"embeddable":true,"href":"https:\/\/www.seckinmakina.com.tr\/en\/wp-json\/wp\/v2\/comments?post=513"}],"version-history":[{"count":20,"href":"https:\/\/www.seckinmakina.com.tr\/en\/wp-json\/wp\/v2\/pages\/513\/revisions"}],"predecessor-version":[{"id":686,"href":"https:\/\/www.seckinmakina.com.tr\/en\/wp-json\/wp\/v2\/pages\/513\/revisions\/686"}],"up":[{"embeddable":true,"href":"https:\/\/www.seckinmakina.com.tr\/en\/wp-json\/wp\/v2\/pages\/66"}],"wp:featuredmedia":[{"embeddable":true,"href":"https:\/\/www.seckinmakina.com.tr\/en\/wp-json\/wp\/v2\/media\/685"}],"wp:attachment":[{"href":"https:\/\/www.seckinmakina.com.tr\/en\/wp-json\/wp\/v2\/media?parent=513"}],"curies":[{"name":"wp","href":"https:\/\/api.w.org\/{rel}","templated":true}]}}